{"id":8793,"date":"2026-04-22T15:13:04","date_gmt":"2026-04-22T13:13:04","guid":{"rendered":"https:\/\/www.bundeling.com\/?page_id=8793"},"modified":"2026-05-11T12:17:02","modified_gmt":"2026-05-11T10:17:02","slug":"revenus-pour-votre-organisation","status":"publish","type":"page","link":"https:\/\/www.bundeling.com\/fr\/revenus-pour-votre-organisation\/","title":{"rendered":"Revenus pour votre organisation"},"content":{"rendered":"","protected":false},"excerpt":{"rendered":"","protected":false},"author":3,"featured_media":0,"parent":0,"menu_order":4,"comment_status":"closed","ping_status":"closed","template":"template-content.blade.php","meta":{"_acf_changed":false,"footnotes":""},"tags":[],"class_list":["post-8793","page","type-page","status-publish","hentry"],"acf":[],"yoast_head":"<!-- This site is optimized with the Yoast SEO plugin v27.5 - https:\/\/yoast.com\/product\/yoast-seo-wordpress\/ -->\n<title>Revenus pour votre organisation - Bundeling<\/title>\n<meta name=\"description\" content=\"G\u00e9n\u00e9rez plus de revenus pour votre organisation avec Bundeling : centralisez vos activit\u00e9s et optimisez vos opportunit\u00e9s.\" \/>\n<meta name=\"robots\" content=\"index, follow, max-snippet:-1, max-image-preview:large, max-video-preview:-1\" \/>\n<link rel=\"canonical\" href=\"https:\/\/www.bundeling.com\/fr\/revenus-pour-votre-organisation\/\" \/>\n<meta property=\"og:locale\" content=\"fr_FR\" \/>\n<meta property=\"og:type\" content=\"article\" \/>\n<meta property=\"og:title\" content=\"Revenus pour votre organisation - Bundeling\" \/>\n<meta property=\"og:description\" content=\"G\u00e9n\u00e9rez plus de revenus pour votre organisation avec Bundeling : centralisez vos activit\u00e9s et optimisez vos opportunit\u00e9s.\" \/>\n<meta property=\"og:url\" content=\"https:\/\/www.bundeling.com\/fr\/revenus-pour-votre-organisation\/\" \/>\n<meta property=\"og:site_name\" content=\"Bundeling\" \/>\n<meta property=\"article:modified_time\" content=\"2026-05-11T10:17:02+00:00\" \/>\n<meta property=\"og:image\" content=\"https:\/\/www.bundeling.com\/wp-content\/uploads\/2026\/04\/bundeling-social@2x.png\" \/>\n\t<meta property=\"og:image:width\" content=\"2400\" \/>\n\t<meta property=\"og:image:height\" content=\"1260\" \/>\n\t<meta property=\"og:image:type\" content=\"image\/png\" \/>\n<meta name=\"twitter:card\" content=\"summary_large_image\" \/>\n<meta name=\"twitter:label1\" content=\"Dur\u00e9e de lecture estim\u00e9e\" \/>\n\t<meta name=\"twitter:data1\" content=\"15 minutes\" \/>\n<script type=\"application\/ld+json\" class=\"yoast-schema-graph\">{\"@context\":\"https:\\\/\\\/schema.org\",\"@graph\":[{\"@type\":\"WebPage\",\"@id\":\"https:\\\/\\\/www.bundeling.com\\\/fr\\\/revenus-pour-votre-organisation\\\/\",\"url\":\"https:\\\/\\\/www.bundeling.com\\\/fr\\\/revenus-pour-votre-organisation\\\/\",\"name\":\"Revenus pour votre organisation - Bundeling\",\"isPartOf\":{\"@id\":\"https:\\\/\\\/www.bundeling.com\\\/fr\\\/#website\"},\"datePublished\":\"2026-04-22T13:13:04+00:00\",\"dateModified\":\"2026-05-11T10:17:02+00:00\",\"description\":\"G\u00e9n\u00e9rez plus de revenus pour votre organisation avec Bundeling : centralisez vos activit\u00e9s et optimisez vos opportunit\u00e9s.\",\"inLanguage\":\"fr-FR\",\"potentialAction\":[{\"@type\":\"ReadAction\",\"target\":[\"https:\\\/\\\/www.bundeling.com\\\/fr\\\/revenus-pour-votre-organisation\\\/\"]}]},{\"@type\":\"WebSite\",\"@id\":\"https:\\\/\\\/www.bundeling.com\\\/fr\\\/#website\",\"url\":\"https:\\\/\\\/www.bundeling.com\\\/fr\\\/\",\"name\":\"Bundeling\",\"description\":\"Connect your organisation in one platform\",\"publisher\":{\"@id\":\"https:\\\/\\\/www.bundeling.com\\\/fr\\\/#organization\"},\"potentialAction\":[{\"@type\":\"SearchAction\",\"target\":{\"@type\":\"EntryPoint\",\"urlTemplate\":\"https:\\\/\\\/www.bundeling.com\\\/fr\\\/?s={search_term_string}\"},\"query-input\":{\"@type\":\"PropertyValueSpecification\",\"valueRequired\":true,\"valueName\":\"search_term_string\"}}],\"inLanguage\":\"fr-FR\"},{\"@type\":\"Organization\",\"@id\":\"https:\\\/\\\/www.bundeling.com\\\/fr\\\/#organization\",\"name\":\"Bundeling\",\"url\":\"https:\\\/\\\/www.bundeling.com\\\/fr\\\/\",\"logo\":{\"@type\":\"ImageObject\",\"inLanguage\":\"fr-FR\",\"@id\":\"https:\\\/\\\/www.bundeling.com\\\/fr\\\/#\\\/schema\\\/logo\\\/image\\\/\",\"url\":\"https:\\\/\\\/www.bundeling.com\\\/wp-content\\\/uploads\\\/2026\\\/04\\\/bundeling-social@2x.png\",\"contentUrl\":\"https:\\\/\\\/www.bundeling.com\\\/wp-content\\\/uploads\\\/2026\\\/04\\\/bundeling-social@2x.png\",\"width\":2400,\"height\":1260,\"caption\":\"Bundeling\"},\"image\":{\"@id\":\"https:\\\/\\\/www.bundeling.com\\\/fr\\\/#\\\/schema\\\/logo\\\/image\\\/\"},\"sameAs\":[\"https:\\\/\\\/www.youtube.com\\\/@bundeling\",\"https:\\\/\\\/www.linkedin.com\\\/company\\\/bundeling-app\\\/\",\"https:\\\/\\\/www.instagram.com\\\/bundelingapp?utm_source=ig_web_button_share_sheet&igsh=ZDNlZDc0MzIxNw==\",\"https:\\\/\\\/www.tiktok.com\\\/@bundeling\"]}]}<\/script>\n<!-- \/ Yoast SEO plugin. -->","yoast_head_json":{"title":"Revenus pour votre organisation - Bundeling","description":"G\u00e9n\u00e9rez plus de revenus pour votre organisation avec Bundeling : centralisez vos activit\u00e9s et optimisez vos opportunit\u00e9s.","robots":{"index":"index","follow":"follow","max-snippet":"max-snippet:-1","max-image-preview":"max-image-preview:large","max-video-preview":"max-video-preview:-1"},"canonical":"https:\/\/www.bundeling.com\/fr\/revenus-pour-votre-organisation\/","og_locale":"fr_FR","og_type":"article","og_title":"Revenus pour votre organisation - Bundeling","og_description":"G\u00e9n\u00e9rez plus de revenus pour votre organisation avec Bundeling : centralisez vos activit\u00e9s et optimisez vos opportunit\u00e9s.","og_url":"https:\/\/www.bundeling.com\/fr\/revenus-pour-votre-organisation\/","og_site_name":"Bundeling","article_modified_time":"2026-05-11T10:17:02+00:00","og_image":[{"width":2400,"height":1260,"url":"https:\/\/www.bundeling.com\/wp-content\/uploads\/2026\/04\/bundeling-social@2x.png","type":"image\/png"}],"twitter_card":"summary_large_image","twitter_misc":{"Dur\u00e9e de lecture estim\u00e9e":"15 minutes"},"schema":{"@context":"https:\/\/schema.org","@graph":[{"@type":"WebPage","@id":"https:\/\/www.bundeling.com\/fr\/revenus-pour-votre-organisation\/","url":"https:\/\/www.bundeling.com\/fr\/revenus-pour-votre-organisation\/","name":"Revenus pour votre organisation - Bundeling","isPartOf":{"@id":"https:\/\/www.bundeling.com\/fr\/#website"},"datePublished":"2026-04-22T13:13:04+00:00","dateModified":"2026-05-11T10:17:02+00:00","description":"G\u00e9n\u00e9rez plus de revenus pour votre organisation avec Bundeling : centralisez vos activit\u00e9s et optimisez vos opportunit\u00e9s.","inLanguage":"fr-FR","potentialAction":[{"@type":"ReadAction","target":["https:\/\/www.bundeling.com\/fr\/revenus-pour-votre-organisation\/"]}]},{"@type":"WebSite","@id":"https:\/\/www.bundeling.com\/fr\/#website","url":"https:\/\/www.bundeling.com\/fr\/","name":"Bundeling","description":"Connect your organisation in one platform","publisher":{"@id":"https:\/\/www.bundeling.com\/fr\/#organization"},"potentialAction":[{"@type":"SearchAction","target":{"@type":"EntryPoint","urlTemplate":"https:\/\/www.bundeling.com\/fr\/?s={search_term_string}"},"query-input":{"@type":"PropertyValueSpecification","valueRequired":true,"valueName":"search_term_string"}}],"inLanguage":"fr-FR"},{"@type":"Organization","@id":"https:\/\/www.bundeling.com\/fr\/#organization","name":"Bundeling","url":"https:\/\/www.bundeling.com\/fr\/","logo":{"@type":"ImageObject","inLanguage":"fr-FR","@id":"https:\/\/www.bundeling.com\/fr\/#\/schema\/logo\/image\/","url":"https:\/\/www.bundeling.com\/wp-content\/uploads\/2026\/04\/bundeling-social@2x.png","contentUrl":"https:\/\/www.bundeling.com\/wp-content\/uploads\/2026\/04\/bundeling-social@2x.png","width":2400,"height":1260,"caption":"Bundeling"},"image":{"@id":"https:\/\/www.bundeling.com\/fr\/#\/schema\/logo\/image\/"},"sameAs":["https:\/\/www.youtube.com\/@bundeling","https:\/\/www.linkedin.com\/company\/bundeling-app\/","https:\/\/www.instagram.com\/bundelingapp?utm_source=ig_web_button_share_sheet&igsh=ZDNlZDc0MzIxNw==","https:\/\/www.tiktok.com\/@bundeling"]}]}},"_links":{"self":[{"href":"https:\/\/www.bundeling.com\/fr\/wp-json\/wp\/v2\/pages\/8793","targetHints":{"allow":["GET"]}}],"collection":[{"href":"https:\/\/www.bundeling.com\/fr\/wp-json\/wp\/v2\/pages"}],"about":[{"href":"https:\/\/www.bundeling.com\/fr\/wp-json\/wp\/v2\/types\/page"}],"author":[{"embeddable":true,"href":"https:\/\/www.bundeling.com\/fr\/wp-json\/wp\/v2\/users\/3"}],"replies":[{"embeddable":true,"href":"https:\/\/www.bundeling.com\/fr\/wp-json\/wp\/v2\/comments?post=8793"}],"version-history":[{"count":36,"href":"https:\/\/www.bundeling.com\/fr\/wp-json\/wp\/v2\/pages\/8793\/revisions"}],"predecessor-version":[{"id":14281,"href":"https:\/\/www.bundeling.com\/fr\/wp-json\/wp\/v2\/pages\/8793\/revisions\/14281"}],"wp:attachment":[{"href":"https:\/\/www.bundeling.com\/fr\/wp-json\/wp\/v2\/media?parent=8793"}],"wp:term":[{"taxonomy":"post_tag","embeddable":true,"href":"https:\/\/www.bundeling.com\/fr\/wp-json\/wp\/v2\/tags?post=8793"}],"curies":[{"name":"wp","href":"https:\/\/api.w.org\/{rel}","templated":true}]}}